{"id":14,"date":"2015-10-26T14:04:00","date_gmt":"2015-10-26T14:04:00","guid":{"rendered":"http:\/\/www.babylux.com.tr\/?page_id=14"},"modified":"2016-04-20T19:55:05","modified_gmt":"2016-04-20T16:55:05","slug":"%d8%b4%d8%b1%d9%83%d8%a9-%d9%83%d8%a8%d8%b1%d9%89","status":"publish","type":"page","link":"https:\/\/babylux.com.tr\/ar\/kurumsal\/","title":{"rendered":"Kurumsal"},"content":{"rendered":"<p><img loading=\"lazy\" decoding=\"async\" class=\"aligncenter wp-image-570\" src=\"https:\/\/babylux.com.tr\/wp-content\/uploads\/2015\/10\/arikan_bina-287x300.jpg\" alt=\"arikan_bina\" width=\"500\" height=\"523\" srcset=\"https:\/\/babylux.com.tr\/wp-content\/uploads\/2015\/10\/arikan_bina-287x300.jpg 287w, https:\/\/babylux.com.tr\/wp-content\/uploads\/2015\/10\/arikan_bina-768x803.jpg 768w, https:\/\/babylux.com.tr\/wp-content\/uploads\/2015\/10\/arikan_bina-979x1024.jpg 979w\" sizes=\"auto, (max-width: 500px) 100vw, 500px\" \/><\/p>\n<p>Firmam\u0131z en iyi hizmet ile \u00fcr\u00fcn kalitesini en k\u0131sa zamanda yakalam\u0131\u015f ve sizin deste\u011finizle daha fazlas\u0131n\u0131 yapmak istemektedir.<\/p>\n<p align=\"left\">Bug\u00fcn ARIKAN \u0130\u00c7 ve DI\u015e T\u0130CARET \u00dclke ekonomisine katk\u0131da bulunmakta pazara etkili ve s\u00fcratli alternatif sunmaktad\u0131r. Bunu da Babylux\u00a0markas\u0131yla kan\u0131tlam\u0131\u015ft\u0131r.<\/p>\n<p align=\"left\">1965\u2019den bu yana piyasada bulunan ARIKAN \u0130\u00c7 ve DI\u015e T\u0130CARET ilk yerli bebek emzi\u011fi ve biberon \u00fcreticisidir. 1965 y\u0131l\u0131ndan bu yana edindi\u011fi\u00a0tecr\u00fcbeleriyle\u00a0T\u00fcrkiye ve Avrupa&#8217;n\u0131n her s\u0131n\u0131f\u0131ndaki insana en uygun \u00fcr\u00fcn\u00fc sunmu\u015ftur. \u015eu an 5000 m2 alan \u00fczerindeki \u00fcretim tesisinde d\u00fcnyan\u0131n en g\u00fcvenilir tedarik\u00e7ilerinden ald\u0131\u011f\u0131 ham maddelerle \u00fcretim yapmaktad\u0131r. Sa\u011fl\u0131k bakanl\u0131\u011f\u0131, Tar\u0131m ve K\u00f6y \u0130\u015fleri Bakanl\u0131\u011f\u0131 en son olarak ta ISO 22000 g\u0131da sertifikas\u0131 ve 2005 belgelerini\u00a0alarak bir kez daha g\u00fcvenilir bir marka oldu\u011funu kan\u0131tlam\u0131\u015ft\u0131r.<\/p>\n<p align=\"left\">Babylux\u00a0markas\u0131 %100 yerli \u00fcretimi, deneyimli, profesyonel \u00e7al\u0131\u015fanlar\u0131, teknik donan\u0131m\u0131 ile anne ve bebeklere kaliteli sa\u011fl\u0131kl\u0131 \u00fcr\u00fcnleri \u00fcretmeyi ilke edinmi\u015ftir. Sizlere y\u0131llarca daha g\u00fczel hizmet vermek dile\u011fiyle\u2026<\/p>\n<p align=\"left\"><strong>V\u0130ZYON<\/strong><\/p>\n<p align=\"left\">ARIKAN \u0130\u00c7 VE DI\u015e T\u0130\u00c7. LTD \u015eT\u0130 M\u00fc\u015fteri memnuniyetini, s\u00fcrekli geli\u015fmeyi, kaliteyi, ekip \u00e7al\u0131\u015fmas\u0131n\u0131, sosyal sorumlulu\u011fu, profesyonel y\u00f6netim anlay\u0131\u015f\u0131n\u0131, teknolojik geli\u015fmelere uygunlu\u011fu ve payla\u015f\u0131m\u0131 esas alan bir anlay\u0131\u015fla sekt\u00f6r\u00fcnde lider bir kurulu\u015f olmay\u0131 kendine \u201cV\u0130ZYON\u201d edinmi\u015ftir.<\/p>\n<p align=\"left\"><strong>M\u0130SYON<\/strong><\/p>\n<p align=\"left\">Ayr\u0131ca belirlemi\u015f oldu\u011fumuz bu vizyon \u00e7er\u00e7evesinde m\u00fc\u015fterilerimize, \u00e7al\u0131\u015fanlar\u0131m\u0131za, \u00fclkemize kaynak ve de\u011fer yaratan \u00f6rnek bir kurulu\u015f olmay\u0131 kendimize \u201cM\u0130SYON\u201d edindik.<\/p>\n<p class=\"auto-style1\">ARIKAN \u0130\u00e7 ve D\u0131\u015f Tic. Ltd. Sti.<\/p>","protected":false},"excerpt":{"rendered":"<p>Firmam\u0131z en iyi hizmet ile \u00fcr\u00fcn kalitesini en k\u0131sa zamanda yakalam\u0131\u015f ve sizin deste\u011finizle daha fazlas\u0131n\u0131 yapmak istemektedir. Bug\u00fcn ARIKAN \u0130\u00c7 ve DI\u015e T\u0130CARET \u00dclke ekonomisine katk\u0131da bulunmakta pazara etkili ve s\u00fcratli alternatif sunmaktad\u0131r. Bunu da Babylux\u00a0markas\u0131yla kan\u0131tlam\u0131\u015ft\u0131r. 1965\u2019den bu yana piyasada bulunan ARIKAN \u0130\u00c7 ve DI\u015e T\u0130CARET ilk yerli bebek emzi\u011fi ve biberon \u00fcreticisidir. [&hellip;]<\/p>\n","protected":false},"author":1,"featured_media":0,"parent":0,"menu_order":0,"comment_status":"closed","ping_status":"closed","template":"","meta":{"footnotes":""},"class_list":["post-14","page","type-page","status-publish","hentry"],"aioseo_notices":[],"_links":{"self":[{"href":"https:\/\/babylux.com.tr\/ar\/wp-json\/wp\/v2\/pages\/14","targetHints":{"allow":["GET"]}}],"collection":[{"href":"https:\/\/babylux.com.tr\/ar\/wp-json\/wp\/v2\/pages"}],"about":[{"href":"https:\/\/babylux.com.tr\/ar\/wp-json\/wp\/v2\/types\/page"}],"author":[{"embeddable":true,"href":"https:\/\/babylux.com.tr\/ar\/wp-json\/wp\/v2\/users\/1"}],"replies":[{"embeddable":true,"href":"https:\/\/babylux.com.tr\/ar\/wp-json\/wp\/v2\/comments?post=14"}],"version-history":[{"count":11,"href":"https:\/\/babylux.com.tr\/ar\/wp-json\/wp\/v2\/pages\/14\/revisions"}],"predecessor-version":[{"id":577,"href":"https:\/\/babylux.com.tr\/ar\/wp-json\/wp\/v2\/pages\/14\/revisions\/577"}],"wp:attachment":[{"href":"https:\/\/babylux.com.tr\/ar\/wp-json\/wp\/v2\/media?parent=14"}],"curies":[{"name":"wp","href":"https:\/\/api.w.org\/{rel}","templated":true}]}}